{"id":83,"date":"2014-12-16T16:09:24","date_gmt":"2014-12-16T16:09:24","guid":{"rendered":"http:\/\/ppapaulista.com.br\/site\/?page_id=83"},"modified":"2023-03-20T17:52:14","modified_gmt":"2023-03-20T17:52:14","slug":"a-empresa","status":"publish","type":"page","link":"https:\/\/ppapaulista.com.br\/site\/a-empresa","title":{"rendered":"A Empresa"},"content":{"rendered":"<h2><strong>A EMPRESA<\/strong><\/h2>\n<p>Localizada no munic\u00edpio de Piracicaba, interior de S\u00e3o Paulo, a PPA Paulista conta com uma equipe formada por profissionais com anos de mercado.<\/p>\n<p>A PPA Paulista al\u00e9m de ser uma distribuidora autorizada de toda a linha de equipamentos PPA, tamb\u00e9m conta com os melhores parceiros do segmento em CFTV.<\/p>\n<p>Al\u00e9m de trabalharmos com as melhores marcas dos segmentos, s\u00e3o os t\u00e9cnicos e o p\u00f3s-venda que fazem a grande diferen\u00e7a, sendo a \u00fanica distribuidora no mercado a trabalhar em parceria com seus clientes, tornando a qualidade e o conhecimento dos produtos ainda maiores. <strong>Aqui o atendimento ao cliente \u00e9 nossa prioridade.<\/strong><\/p>\n","protected":false},"excerpt":{"rendered":"<p>A EMPRESA Localizada no munic\u00edpio de Piracicaba, interior de S\u00e3o Paulo, a PPA Paulista conta com uma equipe formada por profissionais com anos de mercado. A PPA Paulista al\u00e9m de ser uma distribuidora autorizada de toda a linha de equipamentos PPA, tamb\u00e9m conta com os melhores parceiros do segmento em CFTV. Al\u00e9m de trabalharmos com [&hellip;]<\/p>\n","protected":false},"author":1,"featured_media":0,"parent":0,"menu_order":0,"comment_status":"closed","ping_status":"closed","template":"","meta":{"_acf_changed":false,"footnotes":""},"class_list":["post-83","page","type-page","status-publish","hentry"],"acf":[],"yoast_head":"<!-- This site is optimized with the Yoast SEO plugin v26.8 - https:\/\/yoast.com\/product\/yoast-seo-wordpress\/ -->\n<title>A Empresa - PPA Paulista<\/title>\n<meta name=\"robots\" content=\"index, follow, max-snippet:-1, max-image-preview:large, max-video-preview:-1\" \/>\n<link rel=\"canonical\" href=\"https:\/\/ppapaulista.com.br\/site\/a-empresa\" \/>\n<meta property=\"og:locale\" content=\"pt_BR\" \/>\n<meta property=\"og:type\" content=\"article\" \/>\n<meta property=\"og:title\" content=\"A Empresa - PPA Paulista\" \/>\n<meta property=\"og:description\" content=\"A EMPRESA Localizada no munic\u00edpio de Piracicaba, interior de S\u00e3o Paulo, a PPA Paulista conta com uma equipe formada por profissionais com anos de mercado. A PPA Paulista al\u00e9m de ser uma distribuidora autorizada de toda a linha de equipamentos PPA, tamb\u00e9m conta com os melhores parceiros do segmento em CFTV. Al\u00e9m de trabalharmos com [&hellip;]\" \/>\n<meta property=\"og:url\" content=\"https:\/\/ppapaulista.com.br\/site\/a-empresa\" \/>\n<meta property=\"og:site_name\" content=\"PPA Paulista\" \/>\n<meta property=\"article:modified_time\" content=\"2023-03-20T17:52:14+00:00\" \/>\n<meta name=\"twitter:label1\" content=\"Est. tempo de leitura\" \/>\n\t<meta name=\"twitter:data1\" content=\"1 minuto\" \/>\n<script type=\"application\/ld+json\" class=\"yoast-schema-graph\">{\"@context\":\"https:\/\/schema.org\",\"@graph\":[{\"@type\":\"WebPage\",\"@id\":\"https:\/\/ppapaulista.com.br\/site\/a-empresa\",\"url\":\"https:\/\/ppapaulista.com.br\/site\/a-empresa\",\"name\":\"A Empresa - PPA Paulista\",\"isPartOf\":{\"@id\":\"https:\/\/ppapaulista.com.br\/site\/#website\"},\"datePublished\":\"2014-12-16T16:09:24+00:00\",\"dateModified\":\"2023-03-20T17:52:14+00:00\",\"breadcrumb\":{\"@id\":\"https:\/\/ppapaulista.com.br\/site\/a-empresa#breadcrumb\"},\"inLanguage\":\"pt-BR\",\"potentialAction\":[{\"@type\":\"ReadAction\",\"target\":[\"https:\/\/ppapaulista.com.br\/site\/a-empresa\"]}]},{\"@type\":\"BreadcrumbList\",\"@id\":\"https:\/\/ppapaulista.com.br\/site\/a-empresa#breadcrumb\",\"itemListElement\":[{\"@type\":\"ListItem\",\"position\":1,\"name\":\"In\u00edcio\",\"item\":\"https:\/\/ppapaulista.com.br\/site\/\"},{\"@type\":\"ListItem\",\"position\":2,\"name\":\"A Empresa\"}]},{\"@type\":\"WebSite\",\"@id\":\"https:\/\/ppapaulista.com.br\/site\/#website\",\"url\":\"https:\/\/ppapaulista.com.br\/site\/\",\"name\":\"PPA Paulista\",\"description\":\"\",\"potentialAction\":[{\"@type\":\"SearchAction\",\"target\":{\"@type\":\"EntryPoint\",\"urlTemplate\":\"https:\/\/ppapaulista.com.br\/site\/?s={search_term_string}\"},\"query-input\":{\"@type\":\"PropertyValueSpecification\",\"valueRequired\":true,\"valueName\":\"search_term_string\"}}],\"inLanguage\":\"pt-BR\"}]}<\/script>\n<!-- \/ Yoast SEO plugin. -->","yoast_head_json":{"title":"A Empresa - PPA Paulista","robots":{"index":"index","follow":"follow","max-snippet":"max-snippet:-1","max-image-preview":"max-image-preview:large","max-video-preview":"max-video-preview:-1"},"canonical":"https:\/\/ppapaulista.com.br\/site\/a-empresa","og_locale":"pt_BR","og_type":"article","og_title":"A Empresa - PPA Paulista","og_description":"A EMPRESA Localizada no munic\u00edpio de Piracicaba, interior de S\u00e3o Paulo, a PPA Paulista conta com uma equipe formada por profissionais com anos de mercado. A PPA Paulista al\u00e9m de ser uma distribuidora autorizada de toda a linha de equipamentos PPA, tamb\u00e9m conta com os melhores parceiros do segmento em CFTV. Al\u00e9m de trabalharmos com [&hellip;]","og_url":"https:\/\/ppapaulista.com.br\/site\/a-empresa","og_site_name":"PPA Paulista","article_modified_time":"2023-03-20T17:52:14+00:00","twitter_misc":{"Est. tempo de leitura":"1 minuto"},"schema":{"@context":"https:\/\/schema.org","@graph":[{"@type":"WebPage","@id":"https:\/\/ppapaulista.com.br\/site\/a-empresa","url":"https:\/\/ppapaulista.com.br\/site\/a-empresa","name":"A Empresa - PPA Paulista","isPartOf":{"@id":"https:\/\/ppapaulista.com.br\/site\/#website"},"datePublished":"2014-12-16T16:09:24+00:00","dateModified":"2023-03-20T17:52:14+00:00","breadcrumb":{"@id":"https:\/\/ppapaulista.com.br\/site\/a-empresa#breadcrumb"},"inLanguage":"pt-BR","potentialAction":[{"@type":"ReadAction","target":["https:\/\/ppapaulista.com.br\/site\/a-empresa"]}]},{"@type":"BreadcrumbList","@id":"https:\/\/ppapaulista.com.br\/site\/a-empresa#breadcrumb","itemListElement":[{"@type":"ListItem","position":1,"name":"In\u00edcio","item":"https:\/\/ppapaulista.com.br\/site\/"},{"@type":"ListItem","position":2,"name":"A Empresa"}]},{"@type":"WebSite","@id":"https:\/\/ppapaulista.com.br\/site\/#website","url":"https:\/\/ppapaulista.com.br\/site\/","name":"PPA Paulista","description":"","potentialAction":[{"@type":"SearchAction","target":{"@type":"EntryPoint","urlTemplate":"https:\/\/ppapaulista.com.br\/site\/?s={search_term_string}"},"query-input":{"@type":"PropertyValueSpecification","valueRequired":true,"valueName":"search_term_string"}}],"inLanguage":"pt-BR"}]}},"_links":{"self":[{"href":"https:\/\/ppapaulista.com.br\/site\/wp-json\/wp\/v2\/pages\/83","targetHints":{"allow":["GET"]}}],"collection":[{"href":"https:\/\/ppapaulista.com.br\/site\/wp-json\/wp\/v2\/pages"}],"about":[{"href":"https:\/\/ppapaulista.com.br\/site\/wp-json\/wp\/v2\/types\/page"}],"author":[{"embeddable":true,"href":"https:\/\/ppapaulista.com.br\/site\/wp-json\/wp\/v2\/users\/1"}],"replies":[{"embeddable":true,"href":"https:\/\/ppapaulista.com.br\/site\/wp-json\/wp\/v2\/comments?post=83"}],"version-history":[{"count":10,"href":"https:\/\/ppapaulista.com.br\/site\/wp-json\/wp\/v2\/pages\/83\/revisions"}],"predecessor-version":[{"id":964,"href":"https:\/\/ppapaulista.com.br\/site\/wp-json\/wp\/v2\/pages\/83\/revisions\/964"}],"wp:attachment":[{"href":"https:\/\/ppapaulista.com.br\/site\/wp-json\/wp\/v2\/media?parent=83"}],"curies":[{"name":"wp","href":"https:\/\/api.w.org\/{rel}","templated":true}]}}